{"id":21,"date":"2017-03-29T16:38:09","date_gmt":"2017-03-29T16:38:09","guid":{"rendered":"http:\/\/voluntariosemcampo.org.br\/wp\/?page_id=21"},"modified":"2017-03-29T18:15:13","modified_gmt":"2017-03-29T18:15:13","slug":"how-to-get-involved","status":"publish","type":"page","link":"https:\/\/www.voluntariosemcampo.org.br\/index.php\/how-to-get-involved\/","title":{"rendered":"COMO PARTICIPAR"},"content":{"rendered":"<p><\/p>\n<p style=\"text-align: justify;\">A Organiza\u00e7\u00e3o Conex\u00e3o Volunt\u00e1rios em Campo \u00e9 uma ONG legalmente registrada que pode receber doa\u00e7\u00f5es de pessoas f\u00edsicas ou jur\u00eddicas. Sua oferta material ou em dinheiro ser\u00e1 destinada aos projetos que realizamos em pa\u00edses carentes ou vitimados por cat\u00e1strofes e conflitos. Al\u00e9m disso, voc\u00ea pode participar deste esfor\u00e7o em favor dos que sofrem seguindo em uma de nossas caravanas volunt\u00e1rias, ou mesmo intercedendo pela vida daqueles que nelas seguir\u00e3o.<\/p>\n<h2 style=\"text-align: center;\"><img decoding=\"async\" loading=\"lazy\" class=\"size-full wp-image-76 aligncenter\" src=\"http:\/\/voluntariosemcampo.org.br\/wp\/wp-content\/uploads\/2017\/03\/mapa_home.png\" alt=\"\" width=\"612\" height=\"340\" srcset=\"https:\/\/www.voluntariosemcampo.org.br\/wp-content\/uploads\/2017\/03\/mapa_home.png 612w, https:\/\/www.voluntariosemcampo.org.br\/wp-content\/uploads\/2017\/03\/mapa_home-300x167.png 300w\" sizes=\"(max-width: 612px) 100vw, 612px\" \/><span style=\"color: #239cd9;\"><strong><span id=\"h1-12\">IMPACTO AO REDOR DO MUNDO<\/span><\/strong>\u00a0<\/span><\/h2>\n<h6 style=\"text-align: center;\">Em <strong>sete<\/strong> anos a Conex\u00e3o Volunt\u00e1rios em Campo j\u00e1 enviou mais de 1.500 volunt\u00e1rios para 23 pa\u00edses. Isso representa 156.000 pessoas atendidas e beneficiadas, com um investimento superior a 1.250.000 d\u00f3lares.<\/h6>\n<h6 style=\"text-align: center;\"><\/h6>\n<h6 style=\"text-align: center;\"><strong><span id=\"h1-13\" style=\"color: #eb2f2f;\">PARTICIPE VOC\u00ca TAMB\u00c9M <\/span><\/strong><\/h6>\n<h6 style=\"text-align: center;\"><strong><span id=\"h1-13\" style=\"color: #eb2f2f;\">E AJUDE A AUMENTAR ESTA ESTAT\u00cdSTICA!<\/span><\/strong><\/h6>\n<p><\/p>","protected":false},"excerpt":{"rendered":"<p>A Organiza\u00e7\u00e3o Conex\u00e3o Volunt\u00e1rios em Campo \u00e9 uma ONG legalmente registrada que pode receber doa\u00e7\u00f5es de pessoas f\u00edsicas ou jur\u00eddicas. Sua oferta material ou em dinheiro ser\u00e1 destinada aos projetos que realizamos em pa\u00edses carentes ou vitimados por cat\u00e1strofes e&hellip; <\/p>\n","protected":false},"author":1,"featured_media":0,"parent":0,"menu_order":0,"comment_status":"closed","ping_status":"closed","template":"","meta":[],"_links":{"self":[{"href":"https:\/\/www.voluntariosemcampo.org.br\/index.php\/wp-json\/wp\/v2\/pages\/21"}],"collection":[{"href":"https:\/\/www.voluntariosemcampo.org.br\/index.php\/wp-json\/wp\/v2\/pages"}],"about":[{"href":"https:\/\/www.voluntariosemcampo.org.br\/index.php\/wp-json\/wp\/v2\/types\/page"}],"author":[{"embeddable":true,"href":"https:\/\/www.voluntariosemcampo.org.br\/index.php\/wp-json\/wp\/v2\/users\/1"}],"replies":[{"embeddable":true,"href":"https:\/\/www.voluntariosemcampo.org.br\/index.php\/wp-json\/wp\/v2\/comments?post=21"}],"version-history":[{"count":7,"href":"https:\/\/www.voluntariosemcampo.org.br\/index.php\/wp-json\/wp\/v2\/pages\/21\/revisions"}],"predecessor-version":[{"id":82,"href":"https:\/\/www.voluntariosemcampo.org.br\/index.php\/wp-json\/wp\/v2\/pages\/21\/revisions\/82"}],"wp:attachment":[{"href":"https:\/\/www.voluntariosemcampo.org.br\/index.php\/wp-json\/wp\/v2\/media?parent=21"}],"curies":[{"name":"wp","href":"https:\/\/api.w.org\/{rel}","templated":true}]}}