{"id":261,"date":"2018-01-10T23:34:38","date_gmt":"2018-01-10T23:34:38","guid":{"rendered":"http:\/\/www.voluntariosemcampo.org.br\/?page_id=261"},"modified":"2018-01-10T23:40:48","modified_gmt":"2018-01-10T23:40:48","slug":"news-dezembro-2017","status":"publish","type":"page","link":"https:\/\/www.voluntariosemcampo.org.br\/index.php\/news-dezembro-2017\/","title":{"rendered":""},"content":{"rendered":"<p>https:\/\/issuu.com\/flavinho.sr\/docs\/conexao_dezembro<\/p>\n<p>Veja a nossa News de Dezembro 2017 e nossa retrospectiva do ano de 2017.<\/p>\n<p>&nbsp;<\/p>\n<p>&nbsp;<\/p>\n<p>CONEX\u00c3O COPA &#8211; UCR\u00c2NIA 2018<\/p>\n<p>&nbsp;<\/p>\n<p><img decoding=\"async\" loading=\"lazy\" class=\"alignnone size-full wp-image-257\" src=\"http:\/\/www.voluntariosemcampo.org.br\/wp-content\/uploads\/2018\/01\/Banner-Ucrania.jpg\" alt=\"\" width=\"853\" height=\"1280\" srcset=\"https:\/\/www.voluntariosemcampo.org.br\/wp-content\/uploads\/2018\/01\/Banner-Ucrania.jpg 853w, https:\/\/www.voluntariosemcampo.org.br\/wp-content\/uploads\/2018\/01\/Banner-Ucrania-200x300.jpg 200w, https:\/\/www.voluntariosemcampo.org.br\/wp-content\/uploads\/2018\/01\/Banner-Ucrania-768x1152.jpg 768w, https:\/\/www.voluntariosemcampo.org.br\/wp-content\/uploads\/2018\/01\/Banner-Ucrania-682x1024.jpg 682w\" sizes=\"(max-width: 853px) 100vw, 853px\" \/><\/p>\n<p>Durante o per\u00edodo da Copa do Mundo em 2018, um grupo de volunt\u00e1rios brasileiros estar\u00e1 seguindo para a Ucr\u00e2nia, para servir \u00e0s comunidades locais com atividades nas \u00e1reas de Esportes e Recrea\u00e7\u00e3o, onde desenvolver\u00e3o atividades de Cl\u00ednicas de Futebol, Jogos Amistosos, Atividades Recreativas, KidsGames e Evangelismo Pessoal.<\/p>\n<p>O Projeto <strong>Conex\u00e3o Copa Ucr\u00e2nia 2018<\/strong> \u00e9 uma iniciativa da Conex\u00e3o Volunt\u00e1rios em Campo, com o apoio da Miss\u00e3o Atletas de Cristo. Esta caravana tem como Coordenador Geral o Pr. Marcos Grava, Presidente da Miss\u00e3o Atletas de Cristo e coordenador dos projetos Mais Que Ouro Rio 2007, Conex\u00e3o China 2008, Conex\u00e3o \u00c1frica do Sul 2010, Conex\u00e3o M\u00e9xico 2011, Conex\u00e3o Londres 2012, Joga Limpo Brasil 2014, Conex\u00e3o Canad\u00e1 2015 e Conex\u00e3o Rio 2016. A coordena\u00e7\u00e3o da equipe ser\u00e1 feita pela Mission\u00e1ria Miriam Reiche, Facilitadora de Grandes Eventos Esportivos da Coaliz\u00e3o Internacional de Minist\u00e9rios Esportivos.<\/p>\n<p class=\"Default\" style=\"margin-bottom: 1.35pt; text-indent: 35.4pt; text-align: left;\"><span style=\"color: windowtext;\">As inscri\u00e7\u00f5es estar\u00e3o abertas a partir de 10\/1\/18 atrav\u00e9s do link abaixo. Para maiores informa\u00e7\u00f5es a respeito desta caravana escreva para <\/span><a href=\"mailto:contato@voluntariosemcampo.org.br\">contato@voluntariosemcampo.org.br<\/a><\/p>\n<p class=\"Default\" style=\"margin-bottom: 1.35pt; text-align: justify; text-indent: 35.4pt;\"><span style=\"color: windowtext;\">\u00a0<\/span><\/p>\n<p class=\"Default\" style=\"margin-bottom: 1.35pt; text-align: center;\" align=\"center\"><a href=\"https:\/\/goo.gl\/forms\/thBoGwBOfqQ2sPEA2\" target=\"_blank\" rel=\"noopener\"><span style=\"color: #1155cc; background: white;\">https:\/\/goo.gl\/forms\/thBoGwBOfqQ2sPEA2\u00a0<\/span><\/a><\/p>\n<p align=\"center\">\n<p><\/p>","protected":false},"excerpt":{"rendered":"<p>https:\/\/issuu.com\/flavinho.sr\/docs\/conexao_dezembro Veja a nossa News de Dezembro 2017 e nossa retrospectiva do ano de 2017. &nbsp; &nbsp; CONEX\u00c3O COPA &#8211; UCR\u00c2NIA 2018 &nbsp; Durante o per\u00edodo da Copa do Mundo em 2018, um grupo de volunt\u00e1rios brasileiros estar\u00e1 seguindo para&hellip; <\/p>\n","protected":false},"author":2,"featured_media":0,"parent":0,"menu_order":0,"comment_status":"closed","ping_status":"closed","template":"","meta":[],"_links":{"self":[{"href":"https:\/\/www.voluntariosemcampo.org.br\/index.php\/wp-json\/wp\/v2\/pages\/261"}],"collection":[{"href":"https:\/\/www.voluntariosemcampo.org.br\/index.php\/wp-json\/wp\/v2\/pages"}],"about":[{"href":"https:\/\/www.voluntariosemcampo.org.br\/index.php\/wp-json\/wp\/v2\/types\/page"}],"author":[{"embeddable":true,"href":"https:\/\/www.voluntariosemcampo.org.br\/index.php\/wp-json\/wp\/v2\/users\/2"}],"replies":[{"embeddable":true,"href":"https:\/\/www.voluntariosemcampo.org.br\/index.php\/wp-json\/wp\/v2\/comments?post=261"}],"version-history":[{"count":4,"href":"https:\/\/www.voluntariosemcampo.org.br\/index.php\/wp-json\/wp\/v2\/pages\/261\/revisions"}],"predecessor-version":[{"id":265,"href":"https:\/\/www.voluntariosemcampo.org.br\/index.php\/wp-json\/wp\/v2\/pages\/261\/revisions\/265"}],"wp:attachment":[{"href":"https:\/\/www.voluntariosemcampo.org.br\/index.php\/wp-json\/wp\/v2\/media?parent=261"}],"curies":[{"name":"wp","href":"https:\/\/api.w.org\/{rel}","templated":true}]}}