{"id":49,"date":"2017-03-29T17:34:25","date_gmt":"2017-03-29T17:34:25","guid":{"rendered":"http:\/\/voluntariosemcampo.org.br\/wp\/?page_id=49"},"modified":"2017-04-03T13:10:09","modified_gmt":"2017-04-03T13:10:09","slug":"second-time","status":"publish","type":"page","link":"https:\/\/www.voluntariosemcampo.org.br\/index.php\/second-time\/","title":{"rendered":"SEGUNDO TEMPO"},"content":{"rendered":"<p><\/p>\n<p style=\"text-align: justify;\"><img decoding=\"async\" loading=\"lazy\" class=\"alignnone size-full wp-image-70\" src=\"http:\/\/voluntariosemcampo.org.br\/wp\/wp-content\/uploads\/2017\/03\/foto-slide.jpg\" alt=\"\" width=\"1366\" height=\"350\" srcset=\"https:\/\/www.voluntariosemcampo.org.br\/wp-content\/uploads\/2017\/03\/foto-slide.jpg 1366w, https:\/\/www.voluntariosemcampo.org.br\/wp-content\/uploads\/2017\/03\/foto-slide-300x77.jpg 300w, https:\/\/www.voluntariosemcampo.org.br\/wp-content\/uploads\/2017\/03\/foto-slide-768x197.jpg 768w, https:\/\/www.voluntariosemcampo.org.br\/wp-content\/uploads\/2017\/03\/foto-slide-1024x262.jpg 1024w\" sizes=\"(max-width: 1366px) 100vw, 1366px\" \/><\/p>\n<p style=\"text-align: justify;\">O Programa <strong>Segundo Tempo<\/strong> \u2013 O Jogo Ainda N\u00e3o Acabou foi concebido pensando em voc\u00ea que teve uma experi\u00eancia inesquec\u00edvel no campo mission\u00e1rio, participando de umas das caravanas enviadas pela Conex\u00e3o VEC, e agora deseja retornar \u00e0quele mesmo campo para desenvolver um novo projeto, ou apoiar os obreiros locais na consolida\u00e7\u00e3o dos frutos gerados pela caravana que voc\u00ea participou.<\/p>\n<p style=\"text-align: justify;\"><strong>Perfil do Volunt\u00e1rio<\/strong>: maior de idade que participou de alguma caravana da Conex\u00e3o VEC e deseja retornar para aquele(s) mesmo(s) pa\u00eds(es) para servir por um per\u00edodo mais prolongado.<\/p>\n<p style=\"text-align: justify;\"><strong>Locais de Atua\u00e7\u00e3o<\/strong>: qualquer pa\u00eds onde a Conex\u00e3o VEC tenha realizado uma a\u00e7\u00e3o mission\u00e1ria recente.<\/p>\n<p style=\"text-align: justify;\"><strong>Per\u00edodo<\/strong>: entre 15 dias e 12 meses.<\/p>\n<p style=\"text-align: justify;\"><strong>A\u00e7\u00f5es<\/strong>: consolida\u00e7\u00e3o do trabalho desenvolvido pela caravana, apoio \u00e0s Igrejas e obreiros locais, e desenvolvimento de novos projetos mission\u00e1rios.<\/p>\n<p><\/p>","protected":false},"excerpt":{"rendered":"<p>O Programa Segundo Tempo \u2013 O Jogo Ainda N\u00e3o Acabou foi concebido pensando em voc\u00ea que teve uma experi\u00eancia inesquec\u00edvel no campo mission\u00e1rio, participando de umas das caravanas enviadas pela Conex\u00e3o VEC, e agora deseja retornar \u00e0quele mesmo campo para&hellip; <\/p>\n","protected":false},"author":1,"featured_media":0,"parent":0,"menu_order":0,"comment_status":"closed","ping_status":"closed","template":"","meta":[],"_links":{"self":[{"href":"https:\/\/www.voluntariosemcampo.org.br\/index.php\/wp-json\/wp\/v2\/pages\/49"}],"collection":[{"href":"https:\/\/www.voluntariosemcampo.org.br\/index.php\/wp-json\/wp\/v2\/pages"}],"about":[{"href":"https:\/\/www.voluntariosemcampo.org.br\/index.php\/wp-json\/wp\/v2\/types\/page"}],"author":[{"embeddable":true,"href":"https:\/\/www.voluntariosemcampo.org.br\/index.php\/wp-json\/wp\/v2\/users\/1"}],"replies":[{"embeddable":true,"href":"https:\/\/www.voluntariosemcampo.org.br\/index.php\/wp-json\/wp\/v2\/comments?post=49"}],"version-history":[{"count":4,"href":"https:\/\/www.voluntariosemcampo.org.br\/index.php\/wp-json\/wp\/v2\/pages\/49\/revisions"}],"predecessor-version":[{"id":98,"href":"https:\/\/www.voluntariosemcampo.org.br\/index.php\/wp-json\/wp\/v2\/pages\/49\/revisions\/98"}],"wp:attachment":[{"href":"https:\/\/www.voluntariosemcampo.org.br\/index.php\/wp-json\/wp\/v2\/media?parent=49"}],"curies":[{"name":"wp","href":"https:\/\/api.w.org\/{rel}","templated":true}]}}