{"id":55,"date":"2017-03-29T17:38:36","date_gmt":"2017-03-29T17:38:36","guid":{"rendered":"http:\/\/voluntariosemcampo.org.br\/wp\/?page_id=55"},"modified":"2017-04-03T13:06:23","modified_gmt":"2017-04-03T13:06:23","slug":"countries-in-need","status":"publish","type":"page","link":"https:\/\/www.voluntariosemcampo.org.br\/index.php\/countries-in-need\/","title":{"rendered":"PA\u00cdSES CARENTES"},"content":{"rendered":"<p><\/p>\n<p style=\"text-align: justify;\"><img decoding=\"async\" loading=\"lazy\" class=\"alignnone size-full wp-image-70\" src=\"http:\/\/voluntariosemcampo.org.br\/wp\/wp-content\/uploads\/2017\/03\/foto-slide.jpg\" alt=\"\" width=\"1366\" height=\"350\" srcset=\"https:\/\/www.voluntariosemcampo.org.br\/wp-content\/uploads\/2017\/03\/foto-slide.jpg 1366w, https:\/\/www.voluntariosemcampo.org.br\/wp-content\/uploads\/2017\/03\/foto-slide-300x77.jpg 300w, https:\/\/www.voluntariosemcampo.org.br\/wp-content\/uploads\/2017\/03\/foto-slide-768x197.jpg 768w, https:\/\/www.voluntariosemcampo.org.br\/wp-content\/uploads\/2017\/03\/foto-slide-1024x262.jpg 1024w\" sizes=\"(max-width: 1366px) 100vw, 1366px\" \/><\/p>\n<p style=\"text-align: justify;\">O Programa <strong>Pa\u00edses Carentes<\/strong> foi planejado para atender os povos em situa\u00e7\u00e3o de vulnerabilidade social, e aqueles onde h\u00e1 uma grande porcentagem da popula\u00e7\u00e3o ainda n\u00e3o alcan\u00e7ada pelo evangelho.<\/p>\n<p><span id=\"bold\"><strong>Perfil do Volunt\u00e1rio<\/strong>:<\/span>\u00a0volunt\u00e1rios com forma\u00e7\u00e3o profissional ou experi\u00eancia ministerial nas \u00e1reas de sa\u00fade, esportes, educa\u00e7\u00e3o, teologia, capelania, constru\u00e7\u00e3o, servi\u00e7o, al\u00e9m de intercessores, os quais estejam dispostos e capacitados para demonstrar o amor de Deus atrav\u00e9s de seu viver e agir.<\/p>\n<p><span id=\"bold\"><strong>Locais de Atua\u00e7\u00e3o<\/strong>:<\/span>\u00a0pa\u00edses n\u00e3o alcan\u00e7ado e ou com alta vulnerabilidade social.<\/p>\n<p><span id=\"bold\"><strong>Per\u00edodo<\/strong>:<\/span>\u00a0entre 12 e 25 dias.<\/p>\n<p><span id=\"bold\"><strong>A\u00e7\u00f5es<\/strong>:<\/span>\u00a0prega\u00e7\u00e3o do Evangelho; treinamento teol\u00f3gico; suporte ao minist\u00e9rio de obreiros locais; distribui\u00e7\u00e3o de literatura; oportunidades de servi\u00e7o; intercess\u00e3o.<\/p>\n<p><\/p>","protected":false},"excerpt":{"rendered":"<p>O Programa Pa\u00edses Carentes foi planejado para atender os povos em situa\u00e7\u00e3o de vulnerabilidade social, e aqueles onde h\u00e1 uma grande porcentagem da popula\u00e7\u00e3o ainda n\u00e3o alcan\u00e7ada pelo evangelho. Perfil do Volunt\u00e1rio:\u00a0volunt\u00e1rios com forma\u00e7\u00e3o profissional ou experi\u00eancia ministerial nas \u00e1reas&hellip; <\/p>\n","protected":false},"author":1,"featured_media":0,"parent":0,"menu_order":0,"comment_status":"closed","ping_status":"closed","template":"","meta":[],"_links":{"self":[{"href":"https:\/\/www.voluntariosemcampo.org.br\/index.php\/wp-json\/wp\/v2\/pages\/55"}],"collection":[{"href":"https:\/\/www.voluntariosemcampo.org.br\/index.php\/wp-json\/wp\/v2\/pages"}],"about":[{"href":"https:\/\/www.voluntariosemcampo.org.br\/index.php\/wp-json\/wp\/v2\/types\/page"}],"author":[{"embeddable":true,"href":"https:\/\/www.voluntariosemcampo.org.br\/index.php\/wp-json\/wp\/v2\/users\/1"}],"replies":[{"embeddable":true,"href":"https:\/\/www.voluntariosemcampo.org.br\/index.php\/wp-json\/wp\/v2\/comments?post=55"}],"version-history":[{"count":2,"href":"https:\/\/www.voluntariosemcampo.org.br\/index.php\/wp-json\/wp\/v2\/pages\/55\/revisions"}],"predecessor-version":[{"id":96,"href":"https:\/\/www.voluntariosemcampo.org.br\/index.php\/wp-json\/wp\/v2\/pages\/55\/revisions\/96"}],"wp:attachment":[{"href":"https:\/\/www.voluntariosemcampo.org.br\/index.php\/wp-json\/wp\/v2\/media?parent=55"}],"curies":[{"name":"wp","href":"https:\/\/api.w.org\/{rel}","templated":true}]}}