{"id":59,"date":"2017-03-29T17:40:22","date_gmt":"2017-03-29T17:40:22","guid":{"rendered":"http:\/\/voluntariosemcampo.org.br\/wp\/?page_id=59"},"modified":"2017-04-03T13:13:25","modified_gmt":"2017-04-03T13:13:25","slug":"sport-events","status":"publish","type":"page","link":"https:\/\/www.voluntariosemcampo.org.br\/index.php\/sport-events\/","title":{"rendered":"EVENTOS ESPORTIVOS"},"content":{"rendered":"<p><\/p>\n<p style=\"text-align: justify;\"><img decoding=\"async\" loading=\"lazy\" class=\"alignnone size-full wp-image-70\" src=\"http:\/\/voluntariosemcampo.org.br\/wp\/wp-content\/uploads\/2017\/03\/foto-slide.jpg\" alt=\"\" width=\"1366\" height=\"350\" srcset=\"https:\/\/www.voluntariosemcampo.org.br\/wp-content\/uploads\/2017\/03\/foto-slide.jpg 1366w, https:\/\/www.voluntariosemcampo.org.br\/wp-content\/uploads\/2017\/03\/foto-slide-300x77.jpg 300w, https:\/\/www.voluntariosemcampo.org.br\/wp-content\/uploads\/2017\/03\/foto-slide-768x197.jpg 768w, https:\/\/www.voluntariosemcampo.org.br\/wp-content\/uploads\/2017\/03\/foto-slide-1024x262.jpg 1024w\" sizes=\"(max-width: 1366px) 100vw, 1366px\" \/><\/p>\n<p style=\"text-align: justify;\"><span id=\"bold\"><strong>Perfil do Volunt\u00e1rio<\/strong>:<\/span>\u00a0volunt\u00e1rios crist\u00e3os a partir de 16 anos que gostem de esportes e possam atuar nas \u00e1reas de log\u00edstica, sa\u00fade, esportes, educa\u00e7\u00e3o, artes, intercess\u00e3o ou capelania.<\/p>\n<p><span id=\"bold\"><strong>Locais de Atua\u00e7\u00e3o<\/strong>:<\/span>\u00a0pa\u00edses que sediam grandes eventos esportivos.<\/p>\n<p><span id=\"bold\"><strong>Per\u00edodo<\/strong>:<\/span>\u00a0entre 15 e 20 dias.<\/p>\n<p><span id=\"bold\"><strong>A\u00e7\u00f5es<\/strong>:<\/span>\u00a0suporte \u00e0s Igrejas e obreiros locais e evangelismo, atividades esportivas e recreativas, atividades art\u00edsticas, m\u00fasica, capelania, a\u00e7\u00f5es de servi\u00e7o e intercess\u00e3o em locais p\u00fablicos, igrejas, lares, comunidades locais, locais em torno das \u00e1reas de competi\u00e7\u00e3o.<\/p>\n<p><\/p>","protected":false},"excerpt":{"rendered":"<p>Perfil do Volunt\u00e1rio:\u00a0volunt\u00e1rios crist\u00e3os a partir de 16 anos que gostem de esportes e possam atuar nas \u00e1reas de log\u00edstica, sa\u00fade, esportes, educa\u00e7\u00e3o, artes, intercess\u00e3o ou capelania. Locais de Atua\u00e7\u00e3o:\u00a0pa\u00edses que sediam grandes eventos esportivos. Per\u00edodo:\u00a0entre 15 e 20 dias.&hellip; <\/p>\n","protected":false},"author":1,"featured_media":0,"parent":0,"menu_order":0,"comment_status":"closed","ping_status":"closed","template":"","meta":[],"_links":{"self":[{"href":"https:\/\/www.voluntariosemcampo.org.br\/index.php\/wp-json\/wp\/v2\/pages\/59"}],"collection":[{"href":"https:\/\/www.voluntariosemcampo.org.br\/index.php\/wp-json\/wp\/v2\/pages"}],"about":[{"href":"https:\/\/www.voluntariosemcampo.org.br\/index.php\/wp-json\/wp\/v2\/types\/page"}],"author":[{"embeddable":true,"href":"https:\/\/www.voluntariosemcampo.org.br\/index.php\/wp-json\/wp\/v2\/users\/1"}],"replies":[{"embeddable":true,"href":"https:\/\/www.voluntariosemcampo.org.br\/index.php\/wp-json\/wp\/v2\/comments?post=59"}],"version-history":[{"count":2,"href":"https:\/\/www.voluntariosemcampo.org.br\/index.php\/wp-json\/wp\/v2\/pages\/59\/revisions"}],"predecessor-version":[{"id":100,"href":"https:\/\/www.voluntariosemcampo.org.br\/index.php\/wp-json\/wp\/v2\/pages\/59\/revisions\/100"}],"wp:attachment":[{"href":"https:\/\/www.voluntariosemcampo.org.br\/index.php\/wp-json\/wp\/v2\/media?parent=59"}],"curies":[{"name":"wp","href":"https:\/\/api.w.org\/{rel}","templated":true}]}}